{"id":842,"date":"2022-06-01T15:16:22","date_gmt":"2022-06-01T12:16:22","guid":{"rendered":"https:\/\/www.altunbasas.com.tr\/kisisel-verileri-isleme-ve-gizlilik-politikasi-ile-aydinlatma-metni\/"},"modified":"2022-08-01T10:48:22","modified_gmt":"2022-08-01T07:48:22","slug":"privacy-policy-clarification-text","status":"publish","type":"page","link":"https:\/\/www.altunbasas.com.tr\/en\/privacy-policy-clarification-text\/","title":{"rendered":"Privacy Policy Clarification Text"},"content":{"rendered":"<p>De\u011ferli Ziyaret\u00e7imiz,<\/p>\n<p>Ki\u015fisel verilerin i\u015flenmesinde ba\u015fta \u00f6zel hayat\u0131n gizlili\u011fi olmak \u00fczere ki\u015filerin temel hak ve \u00f6zg\u00fcrl\u00fcklerini korumak ve ki\u015fisel verileri i\u015fleyen ger\u00e7ek ve t\u00fczel ki\u015filerin y\u00fck\u00fcml\u00fcl\u00fckleri ile uyacaklar\u0131 usul ve esaslar\u0131 d\u00fczenlemek amac\u0131yla kabul edilen 6698 Say\u0131l\u0131 Ki\u015fisel Verilerin Korunmas\u0131 Kanunu (KVKK); 7 Nisan 2016 tarihli Resmi Gazete\u2019de yay\u0131nlanm\u0131\u015f ve ilgili y\u00fcr\u00fcrl\u00fck maddesi uyar\u0131nca an\u0131lan kanunun 8 inci, 9 uncu, 11 inci, 13 \u00fcnc\u00fc, 14 \u00fcnc\u00fc, 15 inci, 16 nc\u0131, 17 nci ve 18 inci maddeleri 07 Ekim 2016 tarihinden itibaren y\u00fcr\u00fcrl\u00fc\u011fe girmi\u015ftir.<\/p>\n<p><strong>ALTUNBA\u015e A.\u015e. \u015eirketi<\/strong>\u00a0olarak , ki\u015fisel verilerinizin g\u00fcvenli\u011finin sa\u011flanmas\u0131na \u00e7ok b\u00fcy\u00fck \u00f6nem g\u00f6stermekteyiz. Ki\u015fisel verileriniz \u015eirketimiz taraf\u0131ndan, 6698 say\u0131l\u0131 Ki\u015fisel Verilerin Korunmas\u0131 Kanunu\u2019nda (<strong>KVKK\u00a0<\/strong>veya<strong>\u00a0Kanun<\/strong>) yer alan temel ilkelere ve ki\u015fisel veri i\u015fleme \u015fartlar\u0131na uygun olarak i\u015flenmektedir. \u0130\u015fbu Ki\u015fisel Verileri \u0130\u015fleme ve Gizlilik Politikas\u0131 ile Ayd\u0131nlatma Metni, verilerin korunmas\u0131 i\u00e7in her t\u00fcrl\u00fc \u00f6nlemi alan ve azami hassasiyet g\u00f6steren bir \u015firket olarak, ki\u015fisel verilerinizin i\u015flenmesi hususunda siz de\u011ferli ziyaret\u00e7ilerimizi belirlemi\u015f oldu\u011fumuz Ki\u015fisel Verileri \u0130\u015fleme ve Gizlilik Politikas\u0131 hakk\u0131nda ayd\u0131nlatmak amac\u0131yla kaleme al\u0131nm\u0131\u015ft\u0131r. Bu do\u011frultuda, ki\u015fisel verileri metinde yazan ancak bunlarla s\u0131n\u0131rl\u0131 olmayan bir \u015fekilde i\u015flenecek, ziyaret\u00e7ileri, \u015firket yetkilileri, \u015firket \u00e7al\u0131\u015fanlar\u0131, \u00e7al\u0131\u015fan adaylar\u0131, i\u015f ve\/veya hizmet ili\u015fkisi i\u00e7inde oldu\u011fumuz kurumlar, kurumlar\u0131n \u00e7al\u0131\u015fanlar\u0131, hissedarlar\u0131 ile yetkilileri ve ilgili di\u011fer t\u00fcm \u00fc\u00e7\u00fcnc\u00fc ki\u015filer bak\u0131m\u0131ndan i\u015fbu Ki\u015fisel Verileri \u0130\u015fleme ve Gizlilik Politikas\u0131 ile Ayd\u0131nlatma metni d\u00fczenlenmi\u015ftir.<\/p>\n<p><strong>A. Tan\u0131mlar<\/strong><\/p>\n<p>\u0130\u015fbu Ki\u015fisel Verileri \u0130\u015fleme ve Gizlilik Politikas\u0131 ile Ayd\u0131nlatma metni kapsam\u0131nda kullan\u0131lm\u0131\u015f olan terim ve k\u0131saltmalara ili\u015fkin tan\u0131mlar a\u015fa\u011f\u0131daki gibidir:<\/p>\n<table>\n<tbody>\n<tr>\n<td width=\"121\"><strong>K\u0131saltma<\/strong><\/td>\n<td width=\"499\"><strong>Tan\u0131m<\/strong><\/td>\n<\/tr>\n<tr>\n<td width=\"121\">A\u00e7\u0131k R\u0131za:<\/td>\n<td width=\"499\">Belirli bir konu ile ilgili, bilgilendirmeye dayanan ve ilgili ki\u015finin \u00f6zg\u00fcr iradesi ile vermi\u015f oldu\u011fu r\u0131zad\u0131r.<\/td>\n<\/tr>\n<tr>\n<td width=\"121\">Anonim Hale Getirme:<\/td>\n<td width=\"499\">\u0130\u015flenen ki\u015fisel verilerin, ba\u015fka verilerle e\u015fle\u015ftirilerek dahi hi\u00e7bir surette kimli\u011fi belirli veya belirlenebilir bir ger\u00e7ek ki\u015fi ile ili\u015fkilendirilemeyecek hale getirilmesidir.<\/td>\n<\/tr>\n<tr>\n<td width=\"121\">\u0130lgili ki\u015fi:<\/td>\n<td width=\"499\">Ki\u015fisel verisi i\u015flenen ger\u00e7ek ki\u015fidir.<\/td>\n<\/tr>\n<tr>\n<td width=\"121\">Ki\u015fisel Veri:<\/td>\n<td width=\"499\">Kimli\u011fi belirli veya belirlenebilir ger\u00e7ek ki\u015fiye ili\u015fkin her t\u00fcrl\u00fc bilgidir.<\/td>\n<\/tr>\n<tr>\n<td width=\"121\">Ki\u015fisel verilerin i\u015flenmesi:<\/td>\n<td width=\"499\">Ki\u015fisel verilerin tamamen veya k\u0131smen otomatik olan ya da herhangi bir veri kay\u0131t sisteminin par\u00e7as\u0131 olmak kayd\u0131yla otomatik olmayan yollarla elde edilmesi, kaydedilmesi, depolanmas\u0131, muhafaza edilmesi, de\u011fi\u015ftirilmesi, yeniden d\u00fczenlenmesi, a\u00e7\u0131klanmas\u0131, aktar\u0131lmas\u0131, devral\u0131nmas\u0131, elde edilebilir h\u00e2le getirilmesi, s\u0131n\u0131fland\u0131r\u0131lmas\u0131 ya da kullan\u0131lmas\u0131n\u0131n engellenmesi gibi veriler \u00fczerinde ger\u00e7ekle\u015ftirilen her t\u00fcrl\u00fc i\u015flemdir.<\/td>\n<\/tr>\n<tr>\n<td width=\"121\">Veri i\u015fleyen:<\/td>\n<td width=\"499\">Veri sorumlusunun verdi\u011fi yetkiye dayanarak onun ad\u0131na ki\u015fisel verileri i\u015fleyen ger\u00e7ek veya t\u00fczel ki\u015fidir.<\/td>\n<\/tr>\n<tr>\n<td width=\"121\">Veri sorumlusu:<\/td>\n<td width=\"499\">Ki\u015fisel verilerin i\u015fleme ama\u00e7lar\u0131n\u0131 ve vas\u0131talar\u0131n\u0131 belirleyen, veri kay\u0131t sisteminin kurulmas\u0131ndan ve y\u00f6netilmesinden sorumlu olan ger\u00e7ek veya t\u00fczel ki\u015fidir.<\/td>\n<\/tr>\n<tr>\n<td width=\"121\">Ziyaret\u00e7i<\/td>\n<td width=\"499\">\u015eirketimizin fiziksel mek\u00e2nlar\u0131n\u0131 veya internet sitesini hangi ama\u00e7la oldu\u011fu fark etmeksizin ziyaret etmi\u015f ger\u00e7ek ki\u015filerdir.<\/td>\n<\/tr>\n<\/tbody>\n<\/table>\n<p><strong>B. Ki\u015fisel Verileri \u0130\u015fleme \u0130lkelerimiz<\/strong><\/p>\n<p>\u015eirketimiz, Kanun\u2019a uygun olarak toplam\u0131\u015f oldu\u011fu ki\u015fisel verilerin i\u015flenmesi konusunda Kanun ve ilgili sair mevzuatta belirlenen genel ilkeler ile \u00f6ng\u00f6r\u00fclen usul ve esaslar \u00e7er\u00e7evesinde hareket etmektedir. Bu kapsamda \u015eirketimiz, i\u015fbu verilerin korunmas\u0131 ve i\u015flenmesi s\u0131ras\u0131nda Kanun\u2019un 4. Maddesine uygun olarak a\u015fa\u011f\u0131daki ilkelere uygun davranaca\u011f\u0131n\u0131 beyan ve taahh\u00fct etmektedir:<\/p>\n<p style=\"padding-left: 40px;\">a)\u00a0\u00a0 Hukuka ve d\u00fcr\u00fcstl\u00fck kurallar\u0131na uygun olma,<br \/>\nb)\u00a0\u00a0 Do\u011fru ve gerekti\u011finde g\u00fcncel olma,<br \/>\nc)\u00a0\u00a0 Belirli, a\u00e7\u0131k ve me\u015fru ama\u00e7lar i\u00e7in i\u015flenme,<br \/>\n\u00e7)\u00a0\u00a0 \u0130\u015flendikleri ama\u00e7la ba\u011flant\u0131l\u0131, s\u0131n\u0131rl\u0131 ve \u00f6l\u00e7\u00fcl\u00fc olma,<br \/>\nd)\u00a0\u00a0 \u0130lgili mevzuatta \u00f6ng\u00f6r\u00fclen veya i\u015flendikleri ama\u00e7 i\u00e7in gerekli olan s\u00fcre kadar muhafaza edilme.<\/p>\n<p><strong>C. Ayd\u0131nlatma Y\u00fck\u00fcml\u00fcl\u00fc\u011f\u00fc<\/strong><\/p>\n<p>KVKK Madde 10, veri sorumlular\u0131na, verileri i\u015flenen ilgili ki\u015filerin bu hususta onaylar\u0131 al\u0131n\u0131rken ayd\u0131nlatma y\u00fck\u00fcml\u00fcl\u00fc\u011f\u00fcn\u00fcn yerine \u015fart ko\u015fmaktad\u0131r. Kanunun i\u015fbu maddesi uyar\u0131nca veri sorumlusu s\u0131fat\u0131na sahip olan \u015eirketimiz, ilgili ki\u015fileri;<\/p>\n<ol>\n<li>veri sorumlusunun ve varsa temsilcisinin kimli\u011fi,<\/li>\n<li>ki\u015fisel verilerin hangi ama\u00e7larla i\u015flendi\u011fi,<\/li>\n<li>i\u015flenen ki\u015fisel verilerin kimlere ve hangi ama\u00e7la aktar\u0131labilece\u011fi,<\/li>\n<li>ki\u015fisel verilerin toplanmas\u0131n\u0131n y\u00f6ntem ve hukuki sebepleri,<\/li>\n<li>ilgili ki\u015finin KVKK Madde 11 uyar\u0131nca veri sorumlusuna y\u00f6neltebilece\u011fi haklar\u0131 konusunda bilgilendirmektedir.<\/li>\n<\/ol>\n<p>S\u00f6z konusu bilgilendirme, i\u015fbu Ki\u015fisel Verileri \u0130\u015fleme ve Gizlilik Protokol\u00fc ile Ayd\u0131nlatma Metni ile ger\u00e7ekle\u015ftirilmekte olup gerekli a\u00e7\u0131klamalar\u0131m\u0131z a\u015fa\u011f\u0131da yer almaktad\u0131r.<\/p>\n<p><strong>D. Ki\u015fisel Verilerin Toplanmas\u0131, \u0130\u015flenmesi, \u0130\u015flemenin Amac\u0131 ve Hukuki Sebepleri:<\/strong><\/p>\n<p>Ki\u015fisel verileriniz, KVKK Madde 5 uyar\u0131nca ancak siz ziyaret\u00e7ilerimizin\u00a0<strong>a\u00e7\u0131k r\u0131zas\u0131<\/strong>\u00a0veya a\u015fa\u011f\u0131da belirtilen\u00a0<strong>kanuna uygunluk hallerinden birinin varl\u0131\u011f\u0131 halinde<\/strong>\u00a0i\u015flenmektedir. Bunlar;<\/p>\n<ul>\n<li>Kanunlarda a\u00e7\u0131k\u00e7a \u00f6ng\u00f6r\u00fclmesi,<\/li>\n<li>Fiili imk\u00e2ns\u0131zl\u0131k nedeniyle r\u0131zas\u0131n\u0131 a\u00e7\u0131klayamayacak durumda bulunan veya r\u0131zas\u0131na hukuki ge\u00e7erlilik tan\u0131nmayan ki\u015finin, kendisinin ya da bir ba\u015fkas\u0131n\u0131n hayat\u0131 veya beden b\u00fct\u00fcnl\u00fc\u011f\u00fcn\u00fcn korunmas\u0131 i\u00e7in zorunlu olmas\u0131,<\/li>\n<li>Bir s\u00f6zle\u015fmenin kurulmas\u0131 veya ifas\u0131yla do\u011frudan do\u011fruya ilgili olmas\u0131 kayd\u0131yla, s\u00f6zle\u015fmenin taraflar\u0131na ait ki\u015fisel verilerin i\u015flenmesinin gerekli olmas\u0131,<\/li>\n<li>Veri sorumlusunun hukuki y\u00fck\u00fcml\u00fcl\u00fc\u011f\u00fcn\u00fc yerine getirebilmesi i\u00e7in zorunlu olmas\u0131,<\/li>\n<li>\u0130lgili ki\u015finin kendisi taraf\u0131ndan alenile\u015ftirilmi\u015f olmas\u0131,<\/li>\n<li>Bir hakk\u0131n tesisi, kullan\u0131lmas\u0131 veya korunmas\u0131 i\u00e7in veri i\u015flemenin zorunlu olmas\u0131,<\/li>\n<li>\u0130lgili ki\u015finin temel hak ve \u00f6zg\u00fcrl\u00fcklerine zarar vermemek kayd\u0131yla, veri sorumlusunun me\u015fru menfaatleri i\u00e7in veri i\u015flenmesinin zorunlu olmas\u0131 halleridir.<\/li>\n<\/ul>\n<p>Ki\u015fisel verileriniz; \u015eirketimiz taraf\u0131ndan sunulan hizmetlerden yararlanan, i\u015f ve\/veya ticaret ili\u015fkisi i\u00e7erisinde bulunan ki\u015filerin her t\u00fcrl\u00fc hukuki g\u00fcvenli\u011finin temini i\u00e7in gerekli \u00e7al\u0131\u015fmalar\u0131n yap\u0131lmas\u0131, \u015eirketimizin ticari ve i\u015f stratejilerinin belirlenmesi ve uygulanmas\u0131, \u015eirketimizin insan kaynaklar\u0131 politikalar\u0131n\u0131n y\u00fcr\u00fct\u00fclmesinin temini, fiziksel ortamlar\u0131n g\u00fcvenli\u011finin sa\u011flanmas\u0131, m\u00fc\u015fteri ili\u015fkilerinin y\u00fcr\u00fct\u00fclmesi, m\u00fc\u015fteri ileti\u015fim bilgilerinin g\u00fcncellenmesi, mali y\u00fck\u00fcml\u00fcl\u00fcklerin yerine getirilmesi, reklam ve tan\u0131t\u0131m faaliyetlerinde bulunulabilmesi, m\u00fc\u015fteri \u015fik\u00e2yet ve ihtiya\u00e7lar\u0131n\u0131n analiz edilebilmesi amac\u0131yla ve KVKK Ki\u015fisel Verilerin Korunmas\u0131 Kanununun 5. maddesinde belirtilen veri sorumlusunun hukuki y\u00fck\u00fcml\u00fcl\u00fc\u011f\u00fcn\u00fcn yerine getirmesine dayal\u0131 olarak; sa\u011flan\u0131lan hizmet, i\u015f ve\/veya ticari faaliyetlere ba\u011fl\u0131 olarak de\u011fi\u015fkenlik g\u00f6sterebilecek olmakla birlikte; internet sitesi, e-posta, sosyal medya mecralar\u0131, mobil uygulamalar, pazarlama \u00e7al\u0131\u015fmalar\u0131, g\u00fcvenlik kameralar\u0131, m\u00fc\u015fteri \u015fik\u00e2yet formlar\u0131, \u015eirketimiz ile i\u015f ve\/veya ticaret ili\u015fkisi i\u00e7erisinde bulunan ger\u00e7ek ve\/veya t\u00fczel ki\u015filer ile bu ki\u015filerle birlikte ve\/veya ad\u0131na \u00e7al\u0131\u015fan ki\u015filer taraf\u0131ndan ki\u015fisel verilere ili\u015fkin bilgilendirme yap\u0131lmas\u0131, \u015eirketimizin birimlerinde \u00e7al\u0131\u015fmak \u00fczere i\u015f ba\u015fvurusu ile ve\/veya \u00e7al\u0131\u015fmaya ba\u015flanmas\u0131 sebebiyle, veri sahibinin ki\u015fisel verileri ile ilgili bilgilendirme yapmas\u0131 arac\u0131l\u0131\u011f\u0131 ile s\u00f6zl\u00fc, yaz\u0131l\u0131 veya elektronik ortamda toplanabilmektedir.<\/p>\n<p>\u015eirketimiz, Kanun\u2019a uygun olarak toplam\u0131\u015f oldu\u011fu ki\u015fisel verilerin i\u015flenmesi konusunda, Kanun ve ilgili sair mevzuatta belirlenen genel ilkeler \u00e7er\u00e7evesinde hareket etmektedir. \u015eirketimiz, i\u015fbu verilerin korunmas\u0131 ve i\u015flenmesi s\u0131ras\u0131nda Kanun\u2019un 4. Maddesine uygun bir \u015fekilde, her t\u00fcrl\u00fc ki\u015fisel veri i\u015fleme s\u00fcrecinde, hukuka ve d\u00fcr\u00fcstl\u00fck kurallar\u0131na uygun davranacak ve orant\u0131l\u0131l\u0131k ilkesinin gereklerini g\u00f6zetecek, i\u015fledi\u011fi her t\u00fcrl\u00fc ki\u015fisel verinin do\u011fru ve g\u00fcncel olmas\u0131n\u0131 sa\u011flayacak ve bu do\u011frultuda gerekli t\u00fcm tedbirleri alacak, veri i\u015fleme faaliyetlerini ancak belirli, a\u00e7\u0131k ve me\u015fru ama\u00e7larla s\u0131n\u0131rl\u0131 tutacak, elde etti\u011fi ki\u015fisel verileri ancak i\u015flendi\u011fi ama\u00e7la ba\u011flant\u0131l\u0131, s\u0131n\u0131rl\u0131 ve \u00f6l\u00e7\u00fcl\u00fc \u015fekilde i\u015fleyebilecek, ki\u015fisel verileri ancak belirlenen ama\u00e7lar\u0131n ger\u00e7ekle\u015ftirilebilmesi i\u00e7in elveri\u015fli oldu\u011fu takdirde i\u015flenebilecek ve bu ama\u00e7lar sonradan ortaya \u00e7\u0131kmas\u0131 muhtemel ihtiya\u00e7lar\u0131n kar\u015f\u0131lanmas\u0131 i\u00e7in geni\u015fletilemeyecek olup; bu ilkelere uygun davranaca\u011f\u0131n\u0131 beyan ve taahh\u00fct etmektedir.<\/p>\n<p><strong>E. Ki\u015fisel Verilerin Saklanmas\u0131<\/strong><\/p>\n<p>\u015eirketimiz taraf\u0131ndan, KVK Kanunu\u2019nun 1. Ve 2. Maddeleri uyar\u0131nca toplanan ki\u015fisel veriler, \u015firketin ticari faaliyetlerinin yerine getirilebilmesi amac\u0131yla, uygun s\u00fcre zarf\u0131nda fiziksel veya elektronik ortamda g\u00fcvenli bir \u015fekilde saklanmaktad\u0131r. S\u00f6z konusu faaliyetler kapsam\u0131nda, \u015eirketimiz taraf\u0131ndan ki\u015fisel verilerin korunmas\u0131na ili\u015fkin olarak KVKK \u00f6ncelikli olmak \u00fczere, ilgili t\u00fcm mevzuatta \u00f6ng\u00f6r\u00fclen t\u00fcm y\u00fck\u00fcml\u00fcl\u00fcklere uygun hareket edilmektedir. \u0130lgili mevzuat uyar\u0131nca, ki\u015fisel verilerin daha uzun s\u00fcre saklanmas\u0131na m\u00fcsaade edilen veya saklanmas\u0131 zorunlu olan haller d\u0131\u015f\u0131nda, ki\u015fisel verilerin i\u015flenme ama\u00e7lar\u0131n\u0131n sona ermesi durumunda, re\u2019sen veya veri sahibinin ba\u015fvurusu \u00fczerine veriler silinecek, yok edilecek veya anonim hale getirilecektir. Ki\u015fisel verilerin \u00e7e\u015fitli y\u00f6ntemler ile yok edilmesi durumunda, bu veriler tekrar hi\u00e7bir \u015fekilde kullan\u0131lamayacak ve geri getirilemeyecek \u015fekilde imha edilecektir.<\/p>\n<p>Ancak veri sorumlusunun me\u015fru menfaatinin bulundu\u011fu durumlarda, i\u015fleme amac\u0131n\u0131n ve ilgili mevzuatta belirtilen s\u00fcrelerin de sona ermesine ra\u011fmen veri sahiplerinin temel hak ve \u00f6zg\u00fcrl\u00fcklerine zarar vermemek \u015fart\u0131yla ki\u015fisel veriler, Ki\u015fisel Verilerin Saklanma ve \u0130mha Politikam\u0131zda belirlenen s\u00fcre kadar saklanabilecektir. Bahsi ge\u00e7en s\u00fcrelerin sona ermesinin ard\u0131ndan ki\u015fisel veriler, yukar\u0131da belirtilen \u015fekilde silinecek, yok edilecek veya anonim hale getirilecektir. Ki\u015fisel Verilerin Saklanma ve \u0130mha Politikam\u0131z\u2019a buradan ula\u015fabilirsiniz.<\/p>\n<p><strong>F. \u0130\u015flenen Ki\u015fisel Verilerin Aktar\u0131lmas\u0131<\/strong><\/p>\n<p>Toplanan ki\u015fisel verileriniz; \u015eirketimiz taraf\u0131ndan sunulan hizmetlerden sizleri faydaland\u0131rmak i\u00e7in gerekli \u00e7al\u0131\u015fmalar\u0131n yap\u0131lmas\u0131, sunulan hizmetlerin sizlerin be\u011feni, kullan\u0131m al\u0131\u015fkanl\u0131klar\u0131 ve ihtiya\u00e7lar\u0131na g\u00f6re \u00f6zelle\u015ftirilerek sizlere \u00f6nerilmesi, \u015eirketimizin ve \u015eirketimizle i\u015f ve\/veya ticaret ili\u015fkisi i\u00e7erisinde olan ki\u015filerin hukuki ve ticari g\u00fcvenli\u011finin temini (\u015eirketimiz taraf\u0131ndan y\u00fcr\u00fct\u00fclen ileti\u015fime y\u00f6nelik idari operasyonlar, \u015eirkete ait lokasyonlar\u0131n fiziksel g\u00fcvenli\u011fini ve denetimini sa\u011flamak, i\u015f orta\u011f\u0131\/m\u00fc\u015fteri\/tedarik\u00e7i\/ta\u015feron (yetkili veya \u00e7al\u0131\u015fanlar\u0131) de\u011ferlendirme s\u00fcre\u00e7leri, itibar ara\u015ft\u0131rma s\u00fcre\u00e7leri, hukuki uyum s\u00fcreci, denetim, mali i\u015fler vb.), \u015eirketimizin ticari ve i\u015f stratejilerinin belirlenmesi ve uygulanmas\u0131, \u015eirketimizin insan kaynaklar\u0131 politikalar\u0131n\u0131n y\u00fcr\u00fct\u00fclmesinin temini ile Kanuni y\u00fck\u00fcml\u00fcl\u00fcklerin yerine getirilmesi amac\u0131yla, i\u015f ortaklar\u0131m\u0131za, tedarik\u00e7ilerimize, \u015eirket yetkililerine, hissedarlar\u0131m\u0131za, kanunen yetkili kamu kurumlar\u0131 ve \u00f6zel ki\u015filere, KVK Kanunu\u2019nun 8. ve 9. maddelerine do\u011frultusunda yurt i\u00e7ine ve\/veya yurt d\u0131\u015f\u0131na, veri sahibinin\u00a0<strong><u>a\u00e7\u0131k r\u0131zas\u0131<\/u><\/strong>\u00a0ile ve\/veya ayn\u0131 maddelerde belirtilen hallerden bir veya birka\u00e7\u0131n\u0131n varl\u0131\u011f\u0131 halinde a\u00e7\u0131k r\u0131za aranmaks\u0131z\u0131n aktar\u0131labilmektedir.<\/p>\n<p><strong>G. Veri Sahibinin Haklar\u0131<\/strong><\/p>\n<p>Ki\u015fisel veri sahipleri olarak, haklar\u0131n\u0131za ili\u015fkin taleplerinizi, i\u015fbu Ki\u015fisel Verileri \u0130\u015fleme ve Gizlilik Politikas\u0131 ile Ayd\u0131nlatma Metninde d\u00fczenlenen veya KVKK\u2019da belirtilen y\u00f6ntemlerle, \u015eirketimize iletmeniz durumunda \u015eirketimiz talebin niteli\u011fine g\u00f6re talebi en ge\u00e7 otuz g\u00fcn i\u00e7inde sonu\u00e7land\u0131racakt\u0131r. \u015eirketimiz, i\u015fbu ba\u015fvurunuzu \u00fccretsiz olarak sonu\u00e7land\u0131racakt\u0131r. Ancak, Ki\u015fisel Verileri Koruma Kurulunca bir \u00fccret \u00f6ng\u00f6r\u00fclmesi halinde, \u015eirketimiz taraf\u0131ndan belirlenen tarifedeki \u00fccret al\u0131nacakt\u0131r. KVKK madde 11 uyar\u0131nca ki\u015fisel veri sahipleri;<\/p>\n<ul>\n<li>Ki\u015fisel veri i\u015flenip i\u015flenmedi\u011fini \u00f6\u011frenme,<\/li>\n<li>Ki\u015fisel verileri i\u015flenmi\u015fse buna ili\u015fkin bilgi talep etme,<\/li>\n<li>Ki\u015fisel verilerin i\u015flenme amac\u0131n\u0131 ve bunlar\u0131n amac\u0131na uygun kullan\u0131l\u0131p kullan\u0131lmad\u0131\u011f\u0131n\u0131 \u00f6\u011frenme,<\/li>\n<li>Yurt i\u00e7inde veya yurt d\u0131\u015f\u0131nda ki\u015fisel verilerin aktar\u0131ld\u0131\u011f\u0131 \u00fc\u00e7\u00fcnc\u00fc ki\u015fileri bilme,<\/li>\n<li>Ki\u015fisel verilerin eksik veya yanl\u0131\u015f i\u015flenmi\u015f olmas\u0131 halinde bunlar\u0131n d\u00fczeltilmesini isteme ve bu kapsamda yap\u0131lan i\u015flemin ki\u015fisel verilerin aktar\u0131ld\u0131\u011f\u0131 \u00fc\u00e7\u00fcnc\u00fc ki\u015filere bildirilmesini isteme,<\/li>\n<li>KVKK\u2019n\u0131n ve ilgili di\u011fer kanun h\u00fck\u00fcmlerine uygun olarak i\u015flenmi\u015f olmas\u0131na ra\u011fmen, i\u015flenmesini gerektiren sebeplerin ortadan kalkmas\u0131 h\u00e2linde ki\u015fisel verilerin silinmesini veya yok edilmesini isteme ve bu kapsamda yap\u0131lan i\u015flemin ki\u015fisel verilerin aktar\u0131ld\u0131\u011f\u0131 \u00fc\u00e7\u00fcnc\u00fc ki\u015filere bildirilmesini isteme,<\/li>\n<li>\u0130\u015flenen verilerin m\u00fcnhas\u0131ran otomatik sistemler vas\u0131tas\u0131yla analiz edilmesi suretiyle ki\u015finin kendisi aleyhine bir sonucun ortaya \u00e7\u0131kmas\u0131na itiraz etme,<\/li>\n<li>Ki\u015fisel verilerin kanuna ayk\u0131r\u0131 olarak i\u015flenmesi sebebiyle zarara u\u011framas\u0131 halinde zarar\u0131n giderilmesini talep etme haklar\u0131na sahiptir.<\/li>\n<\/ul>\n<p>Yukar\u0131da belirtilen haklar\u0131n\u0131z\u0131 kullanmak i\u00e7in KVKK\u2019n\u0131n 11. maddesinde belirtilen haklardan kullanmay\u0131 talep etti\u011finiz hakk\u0131n\u0131za y\u00f6nelik a\u00e7\u0131klamalar\u0131n\u0131z\u0131 i\u00e7eren talebinizi ekte bulunan ba\u015fvuru formunu doldurarak, formun imzal\u0131 bir \u00f6rne\u011fini ALTUNBA\u015e A.\u015e. adresine kimli\u011finizi tespit edici belgeler ile bizzat elden teslim edebilir veya iadeli taahh\u00fctl\u00fc posta yolu ile, noter kanal\u0131yla veya KVKK\u2019da belirtilen di\u011fer y\u00f6ntemler ile g\u00f6nderebilirsiniz.<\/p>\n","protected":false},"excerpt":{"rendered":"<p>De\u011ferli Ziyaret\u00e7imiz, Ki\u015fisel verilerin i\u015flenmesinde ba\u015fta \u00f6zel hayat\u0131n gizlili\u011fi olmak \u00fczere ki\u015filerin temel hak ve \u00f6zg\u00fcrl\u00fcklerini korumak ve ki\u015fisel verileri i\u015fleyen ger\u00e7ek ve t\u00fczel ki\u015filerin y\u00fck\u00fcml\u00fcl\u00fckleri<span class=\"excerpt-hellip\"> [\u2026]<\/span><\/p>\n","protected":false},"author":1,"featured_media":0,"parent":0,"menu_order":0,"comment_status":"closed","ping_status":"closed","template":"","meta":{"rs_blank_template":"","rs_page_bg_color":"","slide_template_v7":"","footnotes":""},"class_list":["post-842","page","type-page","status-publish","hentry"],"_links":{"self":[{"href":"https:\/\/www.altunbasas.com.tr\/en\/wp-json\/wp\/v2\/pages\/842","targetHints":{"allow":["GET"]}}],"collection":[{"href":"https:\/\/www.altunbasas.com.tr\/en\/wp-json\/wp\/v2\/pages"}],"about":[{"href":"https:\/\/www.altunbasas.com.tr\/en\/wp-json\/wp\/v2\/types\/page"}],"author":[{"embeddable":true,"href":"https:\/\/www.altunbasas.com.tr\/en\/wp-json\/wp\/v2\/users\/1"}],"replies":[{"embeddable":true,"href":"https:\/\/www.altunbasas.com.tr\/en\/wp-json\/wp\/v2\/comments?post=842"}],"version-history":[{"count":0,"href":"https:\/\/www.altunbasas.com.tr\/en\/wp-json\/wp\/v2\/pages\/842\/revisions"}],"wp:attachment":[{"href":"https:\/\/www.altunbasas.com.tr\/en\/wp-json\/wp\/v2\/media?parent=842"}],"curies":[{"name":"wp","href":"https:\/\/api.w.org\/{rel}","templated":true}]}}