{"id":839,"date":"2022-06-01T15:15:40","date_gmt":"2022-06-01T12:15:40","guid":{"rendered":"https:\/\/www.altunbasas.com.tr\/cerez-politikasi\/"},"modified":"2022-08-01T10:47:25","modified_gmt":"2022-08-01T07:47:25","slug":"cookie-policy","status":"publish","type":"page","link":"https:\/\/www.altunbasas.com.tr\/en\/cookie-policy\/","title":{"rendered":"Cookie Policy"},"content":{"rendered":"<p>\u015eirketimiz, siz de\u011ferli Ziyaret\u00e7ilerimizin internet sitemizden olabilecek en verimli \u015fekilde faydalanabilmeniz ve kullan\u0131c\u0131 deneyiminizi geli\u015ftirebilmek amac\u0131yla \u00c7erez kullanmaktad\u0131r. \u00c7erez kullan\u0131lmas\u0131n\u0131 tercih etmemeniz halinde, kullanmakta oldu\u011funuz taray\u0131c\u0131n\u0131n ayarlar b\u00f6l\u00fcm\u00fcnden \u00c7erez\u2019leri ya engelleyebilir ya da tamamen silebilirsiniz. Ancak engelleme veya silmeniz durumunda, bu hususun internet sitemizi kullan\u0131m\u0131n\u0131z\u0131 etkileyebilece\u011fini size hat\u0131rlatmak isteriz. Taray\u0131c\u0131n\u0131zdan \u00c7erez ayarlar\u0131n\u0131z\u0131 de\u011fi\u015ftirmemeniz halinde, internet sitemiz i\u00e7in \u00e7erez kullan\u0131m\u0131n\u0131 kabul etmi\u015f say\u0131lacaks\u0131n\u0131z.<\/p>\n<p><strong><u>\u00c7erez\u2019in Tan\u0131m\u0131<\/u><\/strong><\/p>\n<p>\u00c7erez, bir internet sitesi ziyaret edildi\u011finde, ziyaret\u00e7inin internete eri\u015fimini sa\u011flayan elektronik alette depolanan ve bir dizi karakter i\u00e7eren k\u00fc\u00e7\u00fck bir dosyad\u0131r. \u0130nternet sitesi taraf\u0131ndan kullan\u0131lan bu \u00e7erezler, internet sitesinin ziyaret\u00e7ilerine, sitesinde ki\u015fisel ihtiya\u00e7lar\u0131na uygun olarak, daha h\u0131zl\u0131 ve daha kolay bir gezinme deneyimi sa\u011flamay\u0131 ama\u00e7lamaktad\u0131r. Ancak unutulmamas\u0131 gereken en \u00f6nemli husus, bir internet sitesinin ziyaret\u00e7isi ile ilgili ula\u015fabilece\u011fi bilgilerin, ziyaret\u00e7i taraf\u0131ndan payla\u015f\u0131lan ve\/veya verilen izinler \u00e7er\u00e7evesinde belirlendi\u011fidir. \u0130nternet siteleri, sizin vermedi\u011finiz bilgilere ve\/veya bilgisayar\u0131n\u0131zda bulunan herhangi ba\u015fka bir dosyaya ula\u015fabilme imk\u00e2n\u0131na sahip de\u011fildir.<\/p>\n<p>Saklanma s\u00fcrelerine ba\u011fl\u0131 olarak \u00c7erez\u2019ler, Kal\u0131c\u0131 \u00c7erez ve Ge\u00e7ici \u00c7erez olmak \u00fczere ikiye ayr\u0131lmaktad\u0131r. Ge\u00e7ici \u00e7erezler, bir internet sitesi ziyaret edildi\u011fi an olu\u015fturulur ve taray\u0131c\u0131dan sayfa kapat\u0131ld\u0131\u011f\u0131 zaman otomatik olarak silinir. Kal\u0131c\u0131 \u00e7erezler ise, bir internet sitesi ziyaret edildi\u011fi anda olu\u015fturulur fakat ziyaret\u00e7i taraf\u0131ndan \u00c7erez ayarlar\u0131nda bir de\u011fi\u015fiklik yap\u0131lana kadar veya saklama s\u00fcresi sona erene kadar saklan\u0131r. Ziyaret\u00e7inin se\u00e7mi\u015f oldu\u011fu ayarlar do\u011frultusunda Kal\u0131c\u0131 \u00c7erez\u2019ler, internet sitesini ziyaret\u00e7i i\u00e7in ki\u015fiselle\u015ftirmeye, sakland\u0131\u011f\u0131 s\u00fcre boyunca devam edecektir.<\/p>\n<p><strong><u>\u015eirketimizce \u00c7erez Kullan\u0131m\u0131<\/u><\/strong><\/p>\n<p>Siz ziyaret\u00e7ilerimizi \u00f6ncelikli olarak \u015fu hususta bilgilendirmemiz gerekti\u011fi g\u00f6r\u00fc\u015f\u00fcndeyiz; \u015eirketimizin internet sitesi, taraf\u0131n\u0131zca bir ki\u015fisel bilgi (isim, kimlik, e-mail adresi vb.) verilmeksizin ziyaret edebilir konumdad\u0131r ve kurumsal kimli\u011fimize, ileti\u015fim bilgilerimize, kampanyalara, etkinliklere vb. her t\u00fcrl\u00fc bilgilere ula\u015fabilece\u011finiz \u015fekilde d\u00fczenlenmi\u015ftir. Bilgisayar\u0131n\u0131za y\u00fcklenen \u00c7erez\u2019ler veya internet sitemizi ziyaret etmeniz sebebiyle elde edilen bilgiler istatiksel analizler veya g\u00fcvenlik \u00f6nlemleri ile s\u0131n\u0131rl\u0131 kalarak kullan\u0131lmaktad\u0131r. Herhangi bir ki\u015fisel veriniz \u00c7erez\u2019ler arac\u0131l\u0131\u011f\u0131 ile toplanmamaktad\u0131r.<\/p>\n<p><strong><u>\u00c7erez\u2019lerin Kontorl\u00fc<\/u><\/strong><\/p>\n<p>\u0130nternete ba\u011flanabilece\u011finiz elektronik aletinizde bulunan b\u00fct\u00fcn taray\u0131c\u0131lar, \u00c7erez\u2019leri do\u011frudan kabul edecek \u015fekilde tasarlanm\u0131\u015ft\u0131r. \u00a0Ancak yukar\u0131da da a\u00e7\u0131kland\u0131\u011f\u0131 \u00fczere, siz ziyaret\u00e7iler taray\u0131c\u0131 taraf\u0131ndan otomatik olarak kabul edilen bu \u00c7erez\u2019leri kontrol etme, engelleme ve isterseniz silme hakk\u0131na sahipsiniz. A\u015fa\u011f\u0131da b\u00fct\u00fcn taray\u0131c\u0131lar i\u00e7in ayr\u0131 ayr\u0131 verilmi\u015f ad\u0131mlar\u0131 izleyerek, \u00c7erez kullan\u0131m\u0131n\u0131z\u0131 de\u011fi\u015ftirebilir, taray\u0131c\u0131n\u0131z taraf\u0131ndan toplanan \u00c7erez\u2019leri engelleyebilir veya silebilirsiniz:<\/p>\n<ul>\n<li><strong><u>Internet Explorer\u00a0\u00a0 :<\/u><\/strong><\/li>\n<\/ul>\n<ol>\n<li>Masa\u00fcst\u00fcn\u00fc a\u00e7\u0131n ve g\u00f6rev \u00e7ubu\u011funda Internet Explorer simgesine dokunun veya t\u0131klay\u0131n.<\/li>\n<li>Ara\u00e7lar d\u00fc\u011fmesine ve \u0130nternet Se\u00e7enekleri&#8217;ne dokunun veya t\u0131klay\u0131n.<\/li>\n<li>Gizlilik sekmesine dokunun veya t\u0131klay\u0131n, ard\u0131ndan t\u00fcm tan\u0131mlama bilgilerini engellemek i\u00e7in Ayarlar&#8217;\u0131n alt\u0131nda bulunan kayd\u0131r\u0131c\u0131y\u0131 yukar\u0131ya hareket ettirin ve Tamam d\u00fc\u011fmesine dokunun veya t\u0131klay\u0131n.<\/li>\n<\/ol>\n<ul>\n<li><strong><u>Microsoft Edge\u00a0\u00a0\u00a0\u00a0\u00a0\u00a0\u00a0<\/u><\/strong>:<\/li>\n<\/ul>\n<ol>\n<li>Microsoft Edge taray\u0131c\u0131n\u0131z\u0131n sa\u011f \u00fcst k\u00f6\u015fesinden \u00fc\u00e7 nokta i\u015fareti olan b\u00f6l\u00fcme t\u0131klay\u0131n ve Ayarlar b\u00f6l\u00fcm\u00fcne gelin.<\/li>\n<li>Kar\u015f\u0131n\u0131za gelen yeni pencereden Temizlenecek \u00d6\u011feleri Se\u00e7 dedikten sonra kar\u015f\u0131n\u0131za gelen pencereden temizlemek istedi\u011finiz b\u00f6l\u00fcmleri se\u00e7in.<\/li>\n<li>Burada bir\u00e7ok b\u00f6l\u00fcm bulunmaktad\u0131r. \u0130stedi\u011finizi se\u00e7erek temizleme i\u015flemine ba\u015flayabilirsiniz<\/li>\n<\/ol>\n<ul>\n<li><strong><u>Google Chrome\u00a0\u00a0\u00a0\u00a0\u00a0 :<\/u><\/strong><\/li>\n<\/ul>\n<ol>\n<li>Bilgisayar\u0131n\u0131zda Chrome&#8217;u a\u00e7\u0131n.<\/li>\n<li>Sa\u011f \u00fcstte Di\u011fer Ayarlar&#8217;\u0131 t\u0131klay\u0131n.<\/li>\n<li>Altta Geli\u015fmi\u015f&#8217;i t\u0131klay\u0131n.<\/li>\n<li>&#8220;Gizlilik ve g\u00fcvenlik&#8221;in alt\u0131nda \u0130\u00e7erik Ayarlar\u0131&#8217;n\u0131 t\u0131klay\u0131n.<\/li>\n<li>\u00c7erezler&#8217;i t\u0131klay\u0131n.<\/li>\n<li>&#8220;T\u00fcm \u00e7erezler ve site verileri&#8221;nin alt\u0131nda Web Sitesi&#8217;nin ad\u0131n\u0131 aray\u0131n.<\/li>\n<li>Sitenin sa\u011f\u0131ndaki Kald\u0131r simgesini t\u0131klay\u0131n<\/li>\n<\/ol>\n<ul>\n<li><strong><u>Mozilla Firefox\u00a0\u00a0\u00a0\u00a0\u00a0\u00a0 :<\/u><\/strong><\/li>\n<\/ul>\n<ol>\n<li>Firefox Men\u00fc d\u00fc\u011fmesine t\u0131klay\u0131n ve Se\u00e7enekler&#8217;i se\u00e7in.<\/li>\n<li>Gizlilik ve G\u00fcvenlik panelini se\u00e7in ve Ge\u00e7mi\u015f b\u00f6l\u00fcm\u00fcne gidin.<\/li>\n<li>Firefox ayar\u0131n\u0131 ge\u00e7mi\u015f i\u00e7in \u00f6zel ayarlar\u0131 kullans\u0131n olarak de\u011fi\u015ftirin.<\/li>\n<li>\u00c7erezleri g\u00f6ster&#8230; d\u00fc\u011fmesine t\u0131klay\u0131n. \u00c7erezler penceresi g\u00f6r\u00fcnecektir.<\/li>\n<li>Arama: alan\u0131na, \u00e7erezlerini silmek istedi\u011finiz sitenin ad\u0131n\u0131 yaz\u0131n. Araman\u0131zla e\u015fle\u015fen \u00e7erezler g\u00f6r\u00fcnt\u00fclenecektir.<\/li>\n<li>Silmek istedi\u011finiz \u00e7erez(ler)i se\u00e7ip Se\u00e7ilenleri sil d\u00fc\u011fmesine t\u0131klay\u0131n.<\/li>\n<li>Kapat d\u00fc\u011fmesine t\u0131klayarak \u00c7erezler penceresini kapat\u0131n. Sonra da about:preferences sayfas\u0131n\u0131 kapat\u0131n<\/li>\n<\/ol>\n<ul>\n<li><strong><u>Safari\u00a0\u00a0\u00a0\u00a0\u00a0\u00a0\u00a0\u00a0\u00a0\u00a0\u00a0\u00a0\u00a0\u00a0\u00a0\u00a0\u00a0\u00a0\u00a0\u00a0 :<\/u><\/strong><\/li>\n<\/ul>\n<ol>\n<li>Safari &gt; Tercihler&#8217;i se\u00e7in.<\/li>\n<li>Gizlilik \u00f6\u011fesini t\u0131klay\u0131n.<\/li>\n<li>Web Sitesi Verilerini t\u0131klay\u0131n.<\/li>\n<li>Bir veya daha fazla web sitesi se\u00e7in ve sonra Sil veya T\u00fcm\u00fcn\u00fc Sil&#8217;e t\u0131klay\u0131n.<\/li>\n<\/ol>\n<p>Taraf\u0131n\u0131zca, \u00c7erez\u2019lerin silinmesi tercih edilirse, se\u00e7ti\u011finiz internet sitelerince toplanan \u00c7erez\u2019ler internete ba\u011fland\u0131\u011f\u0131n\u0131z elektronik aletinizden silinecektir. Ancak bu ihtimali d\u00fc\u015f\u00fcnmekte iseniz \u015fu hususun unutulmamas\u0131nda da fayda oldu\u011fu g\u00f6r\u00fc\u015f\u00fcndeyiz: \u00c7erez\u2019ler internet sitelerinin ziyaret\u00e7isi i\u00e7in daha ki\u015fiselle\u015ftirilmesi amac\u0131yla yarat\u0131lm\u0131\u015f kod dizilimleri oldu\u011fu i\u00e7in, di\u011fer b\u00fct\u00fcn internet sitelerinde de olaca\u011f\u0131 \u00fczere \u015eirketimizin internet sitesinin de, \u00c7erez\u2019lerin kendi koduna esasl\u0131 bir \u015fekilde entegre olmas\u0131 sebebiyle, \u00c7erez\u2019lerin silinmesi halinde do\u011fru bir \u015fekilde \u00e7al\u0131\u015fmama ihtimali bulunmaktad\u0131r.<\/p>\n","protected":false},"excerpt":{"rendered":"<p>\u015eirketimiz, siz de\u011ferli Ziyaret\u00e7ilerimizin internet sitemizden olabilecek en verimli \u015fekilde faydalanabilmeniz ve kullan\u0131c\u0131 deneyiminizi geli\u015ftirebilmek amac\u0131yla \u00c7erez kullanmaktad\u0131r. \u00c7erez kullan\u0131lmas\u0131n\u0131 tercih etmemeniz halinde, kullanmakta oldu\u011funuz taray\u0131c\u0131n\u0131n<span class=\"excerpt-hellip\"> [\u2026]<\/span><\/p>\n","protected":false},"author":1,"featured_media":0,"parent":0,"menu_order":0,"comment_status":"closed","ping_status":"closed","template":"","meta":{"rs_blank_template":"","rs_page_bg_color":"","slide_template_v7":"","footnotes":""},"class_list":["post-839","page","type-page","status-publish","hentry"],"_links":{"self":[{"href":"https:\/\/www.altunbasas.com.tr\/en\/wp-json\/wp\/v2\/pages\/839","targetHints":{"allow":["GET"]}}],"collection":[{"href":"https:\/\/www.altunbasas.com.tr\/en\/wp-json\/wp\/v2\/pages"}],"about":[{"href":"https:\/\/www.altunbasas.com.tr\/en\/wp-json\/wp\/v2\/types\/page"}],"author":[{"embeddable":true,"href":"https:\/\/www.altunbasas.com.tr\/en\/wp-json\/wp\/v2\/users\/1"}],"replies":[{"embeddable":true,"href":"https:\/\/www.altunbasas.com.tr\/en\/wp-json\/wp\/v2\/comments?post=839"}],"version-history":[{"count":0,"href":"https:\/\/www.altunbasas.com.tr\/en\/wp-json\/wp\/v2\/pages\/839\/revisions"}],"wp:attachment":[{"href":"https:\/\/www.altunbasas.com.tr\/en\/wp-json\/wp\/v2\/media?parent=839"}],"curies":[{"name":"wp","href":"https:\/\/api.w.org\/{rel}","templated":true}]}}