{"id":818,"date":"2022-05-31T18:32:30","date_gmt":"2022-05-31T15:32:30","guid":{"rendered":"https:\/\/www.altunbasas.com.tr\/pazarlama\/"},"modified":"2026-05-05T11:28:29","modified_gmt":"2026-05-05T08:28:29","slug":"marketing","status":"publish","type":"page","link":"https:\/\/www.altunbasas.com.tr\/en\/marketing\/","title":{"rendered":"Marketing"},"content":{"rendered":"<div class=\"wpb-content-wrapper\"><p>[vc_row][vc_column][vc_single_image image=&#8221;743&#8243; img_size=&#8221;full&#8221; alignment=&#8221;center&#8221; css=&#8221;.vc_custom_1656334491977{margin-bottom: 0px !important;}&#8221;][\/vc_column][\/vc_row][vc_row][vc_column]<div class=\"cq-accordion \" style=\"width:;\" data-displayfirst=\"\"><ul><li><input type=\"checkbox\" checked><i class=\"\"><\/i><h4 style=\"color:#c19d47;font-size:;padding:;\">THE MEDITERRANEAN AND THE CENTRAL ANATOLIA B\u00d6LGES\u0130<\/h4><div class=\"accordion-content\" style=\"background-color:;color:#333333;font-size:;\"><\/p>\n<table>\n<tbody>\n<tr>\n<td colspan=\"2\"><strong>THE MEDITERRANEAN AND THE CENTRAL ANATOLIA B\u00d6LGES\u0130 (KONYA, NEV\u015eEH\u0130R, N\u0130\u011eDE, AKSARAY \/ ANTALYA, AFYON, KARAMAN, BURDUR, ISPARTA)<\/strong><\/td>\n<\/tr>\n<tr>\n<td>MARKET\u0130NG STAFF<\/td>\n<td>SALES PERSONNEL<\/td>\n<\/tr>\n<tr>\n<td><\/td>\n<td>YUNUS EMRE AKIN <a href=\"#popup-69fafc8206985\" rel=\"lightbox\" data-lightbox-type=\"inline\" class=\"popup-link\">Bilgi<\/a><div id=\"popup-69fafc8206985\" class=\"popup-content\"><div class=\"popup-inner\" ><img loading=\"lazy\" decoding=\"async\" class=\"aligncenter size-full wp-image-557\" src=\"https:\/\/www.altunbasas.com.tr\/wp-content\/uploads\/2022\/06\/yunus-emre-akin.jpg\" alt=\"\" width=\"149\" height=\"151\" srcset=\"https:\/\/www.altunbasas.com.tr\/wp-content\/uploads\/2022\/06\/yunus-emre-akin.jpg 149w, https:\/\/www.altunbasas.com.tr\/wp-content\/uploads\/2022\/06\/yunus-emre-akin-144x146.jpg 144w, https:\/\/www.altunbasas.com.tr\/wp-content\/uploads\/2022\/06\/yunus-emre-akin-50x50.jpg 50w, https:\/\/www.altunbasas.com.tr\/wp-content\/uploads\/2022\/06\/yunus-emre-akin-74x75.jpg 74w, https:\/\/www.altunbasas.com.tr\/wp-content\/uploads\/2022\/06\/yunus-emre-akin-85x85.jpg 85w, https:\/\/www.altunbasas.com.tr\/wp-content\/uploads\/2022\/06\/yunus-emre-akin-80x80.jpg 80w\" sizes=\"auto, (max-width:767px) 149px, 149px\" \/><strong>Yunus Emre Ak\u0131n<\/strong><br \/>\n0549 578 41 81<\/div><\/div>\n<\/td>\n<\/tr>\n<\/tbody>\n<\/table>\n<p><\/div><\/li><li><input type=\"checkbox\" checked><i class=\"\"><\/i><h4 style=\"color:#c19d47;font-size:;padding:;\">THE ANKARA REGION<\/h4><div class=\"accordion-content\" style=\"background-color:;color:#333333;font-size:;\"><\/p>\n<table>\n<tbody>\n<tr>\n<td colspan=\"2\"><strong>THE ANKARA REGION(ANKARA, KIRIKKALE, KIR\u015eEH\u0130R,YOZGAT)<\/strong><\/td>\n<\/tr>\n<tr>\n<td>MARKET\u0130N STAFF<\/td>\n<td>SALES PERSONNEL<\/td>\n<\/tr>\n<tr>\n<td><\/td>\n<td>SEDA YARLIGAN <a href=\"#popup-69fafc8206aee\" rel=\"lightbox\" data-lightbox-type=\"inline\" class=\"popup-link\">Bilgi<\/a><div id=\"popup-69fafc8206aee\" class=\"popup-content\"><div class=\"popup-inner\" ><img loading=\"lazy\" decoding=\"async\" class=\"aligncenter size-full wp-image-734\" src=\"https:\/\/www.altunbasas.com.tr\/wp-content\/uploads\/2022\/06\/seda-yarilgan.jpg\" alt=\"\" width=\"147\" height=\"194\" srcset=\"https:\/\/www.altunbasas.com.tr\/wp-content\/uploads\/2022\/06\/seda-yarilgan.jpg 147w, https:\/\/www.altunbasas.com.tr\/wp-content\/uploads\/2022\/06\/seda-yarilgan-111x146.jpg 111w, https:\/\/www.altunbasas.com.tr\/wp-content\/uploads\/2022\/06\/seda-yarilgan-38x50.jpg 38w, https:\/\/www.altunbasas.com.tr\/wp-content\/uploads\/2022\/06\/seda-yarilgan-57x75.jpg 57w\" sizes=\"auto, (max-width:767px) 147px, 147px\" \/><strong>Seda Yarl\u0131gan<\/strong><br \/>\n0533 616 77 07<\/div><\/div>\n<\/td>\n<\/tr>\n<\/tbody>\n<\/table>\n<p><\/div><\/li><li><input type=\"checkbox\" checked><i class=\"\"><\/i><h4 style=\"color:#c19d47;font-size:;padding:;\">THE EASTERN ANATOLIA REGION<\/h4><div class=\"accordion-content\" style=\"background-color:;color:#333333;font-size:;\"><\/p>\n<table>\n<tbody>\n<tr>\n<td colspan=\"2\"><strong>THE EASTERN ANATOLIA REGION(MALATYA, ELAZI\u011e, ERZ\u0130NCAN, TUNCEL\u0130, B\u0130NG\u00d6L, VAN, HAKKAR\u0130, A\u011eRI, I\u011eDIR, ARDAHAN, ERZURUM, MU\u015e, B\u0130TL\u0130S, KARS)<\/strong><\/td>\n<\/tr>\n<tr>\n<td>MARKET\u0130NG STAFF<\/td>\n<td>SALES PERSONNEL<\/td>\n<\/tr>\n<tr>\n<td>AHMET TA\u015e <a href=\"#popup-69fafc8206c30\" rel=\"lightbox\" data-lightbox-type=\"inline\" class=\"popup-link\">Bilgi<\/a><div id=\"popup-69fafc8206c30\" class=\"popup-content\"><div class=\"popup-inner\" ><img loading=\"lazy\" decoding=\"async\" class=\"aligncenter size-full wp-image-566\" src=\"https:\/\/www.altunbasas.com.tr\/wp-content\/uploads\/2022\/08\/ahmet-tas-foto.jpg\" alt=\"\" width=\"160\" height=\"195\" \/><strong>Ahmet Ta\u015f<\/strong><br \/>\n0533 234 63 82<\/div><\/div>\n<\/td>\n<td>SEDA YARLIGAN <a href=\"#popup-69fafc8206c93\" rel=\"lightbox\" data-lightbox-type=\"inline\" class=\"popup-link\">Bilgi<\/a><div id=\"popup-69fafc8206c93\" class=\"popup-content\"><div class=\"popup-inner\" ><img loading=\"lazy\" decoding=\"async\" class=\"aligncenter size-full wp-image-734\" src=\"https:\/\/www.altunbasas.com.tr\/wp-content\/uploads\/2022\/06\/seda-yarilgan.jpg\" alt=\"\" width=\"147\" height=\"194\" srcset=\"https:\/\/www.altunbasas.com.tr\/wp-content\/uploads\/2022\/06\/seda-yarilgan.jpg 147w, https:\/\/www.altunbasas.com.tr\/wp-content\/uploads\/2022\/06\/seda-yarilgan-111x146.jpg 111w, https:\/\/www.altunbasas.com.tr\/wp-content\/uploads\/2022\/06\/seda-yarilgan-38x50.jpg 38w, https:\/\/www.altunbasas.com.tr\/wp-content\/uploads\/2022\/06\/seda-yarilgan-57x75.jpg 57w\" sizes=\"auto, (max-width:767px) 147px, 147px\" \/><strong>Seda Yarl\u0131gan<\/strong><br \/>\n0533 616 77 07<\/div><\/div>\n<\/td>\n<\/tr>\n<\/tbody>\n<\/table>\n<p><\/div><\/li><li><input type=\"checkbox\" checked><i class=\"\"><\/i><h4 style=\"color:#c19d47;font-size:;padding:;\">THE AEGEAN REGION<\/h4><div class=\"accordion-content\" style=\"background-color:;color:#333333;font-size:;\"><\/p>\n<table>\n<tbody>\n<tr>\n<td colspan=\"2\"><strong>THE AEGEAN REGION(AYDIN, DEN\u0130ZL\u0130, \u0130ZM\u0130R, K\u00dcTAHYA, MAN\u0130SA, MU\u011eLA, U\u015eAK, ESK\u0130\u015eEH\u0130R)<\/strong><\/td>\n<\/tr>\n<tr>\n<td>MARKET\u0130NG STAFF<\/td>\n<td>SALES PERSONNEL<\/td>\n<\/tr>\n<tr>\n<td>Y\u0130\u011e\u0130T ALTAY <a href=\"#popup-69fafc8206dd4\" rel=\"lightbox\" data-lightbox-type=\"inline\" class=\"popup-link\">Bilgi<\/a><div id=\"popup-69fafc8206dd4\" class=\"popup-content\"><div class=\"popup-inner\" ><img loading=\"lazy\" decoding=\"async\" class=\"aligncenter size-full wp-image-551\" src=\"https:\/\/www.altunbasas.com.tr\/wp-content\/uploads\/2022\/06\/yigit-altay.jpg\" alt=\"\" width=\"155\" height=\"160\" srcset=\"https:\/\/www.altunbasas.com.tr\/wp-content\/uploads\/2022\/06\/yigit-altay.jpg 155w, https:\/\/www.altunbasas.com.tr\/wp-content\/uploads\/2022\/06\/yigit-altay-141x146.jpg 141w, https:\/\/www.altunbasas.com.tr\/wp-content\/uploads\/2022\/06\/yigit-altay-48x50.jpg 48w, https:\/\/www.altunbasas.com.tr\/wp-content\/uploads\/2022\/06\/yigit-altay-73x75.jpg 73w\" sizes=\"auto, (max-width:767px) 155px, 155px\" \/><strong>Yi\u011fit Altay<\/strong><br \/>\n0534 275 6042<br \/>\nyigit.altay@altunbasas.com.tr<\/div><\/div>\n<\/td>\n<td>SERDAL \u00d6ZGEN <a href=\"#popup-69fafc8206e31\" rel=\"lightbox\" data-lightbox-type=\"inline\" class=\"popup-link\">Bilgi<\/a><div id=\"popup-69fafc8206e31\" class=\"popup-content\"><div class=\"popup-inner\" ><img loading=\"lazy\" decoding=\"async\" class=\"aligncenter size-full wp-image-555\" src=\"https:\/\/www.altunbasas.com.tr\/wp-content\/uploads\/2022\/06\/serdal-ozgen.jpg\" alt=\"\" width=\"127\" height=\"172\" srcset=\"https:\/\/www.altunbasas.com.tr\/wp-content\/uploads\/2022\/06\/serdal-ozgen.jpg 127w, https:\/\/www.altunbasas.com.tr\/wp-content\/uploads\/2022\/06\/serdal-ozgen-108x146.jpg 108w, https:\/\/www.altunbasas.com.tr\/wp-content\/uploads\/2022\/06\/serdal-ozgen-37x50.jpg 37w, https:\/\/www.altunbasas.com.tr\/wp-content\/uploads\/2022\/06\/serdal-ozgen-55x75.jpg 55w\" sizes=\"auto, (max-width:767px) 127px, 127px\" \/><strong>Serdal \u00d6zgen<\/strong><br \/>\n0533 610 52 78<br \/>\ns.ozgen@altunbasas.com.tr<\/div><\/div>\n<\/td>\n<\/tr>\n<\/tbody>\n<\/table>\n<p><\/div><\/li><li><input type=\"checkbox\" checked><i class=\"\"><\/i><h4 style=\"color:#c19d47;font-size:;padding:;\">THE SOUTHEASTERN ANATOLIA REGION<\/h4><div class=\"accordion-content\" style=\"background-color:;color:#333333;font-size:;\"><\/p>\n<table>\n<tbody>\n<tr>\n<td colspan=\"2\"><strong>THE SOUTHEASTERN ANATOLIA REGION(S\u0130VAS, MARA\u015e, MALATYA, MU\u015e, MERS\u0130N, ADANA, KAYSER\u0130, OSMAN\u0130YE, HATAY, K\u0130L\u0130S, GAZ\u0130ANTEP, \u015eANLIURFA, ADIYAMAN, D\u0130YARBAKIR, MARD\u0130N, BATMAN, S\u0130\u0130RT, \u015eIRNAK)<\/strong><\/td>\n<\/tr>\n<tr>\n<td>MARKET\u0130NG STAFF<\/td>\n<td>SALES PERSONNEL<\/td>\n<\/tr>\n<tr>\n<td>AHMET TA\u015e <a href=\"#popup-69fafc8206f3b\" rel=\"lightbox\" data-lightbox-type=\"inline\" class=\"popup-link\">Bilgi<\/a><div id=\"popup-69fafc8206f3b\" class=\"popup-content\"><div class=\"popup-inner\" ><img loading=\"lazy\" decoding=\"async\" class=\"aligncenter size-full wp-image-566\" src=\"https:\/\/www.altunbasas.com.tr\/wp-content\/uploads\/2022\/08\/ahmet-tas-foto.jpg\" alt=\"\" width=\"160\" height=\"195\" \/><strong>Ahmet Ta\u015f<\/strong><br \/>\n0533 234 63 82<\/div><\/div>\n<\/td>\n<td>SEDA YARLIGAN <a href=\"#popup-69fafc8206f91\" rel=\"lightbox\" data-lightbox-type=\"inline\" class=\"popup-link\">Bilgi<\/a><div id=\"popup-69fafc8206f91\" class=\"popup-content\"><div class=\"popup-inner\" ><img loading=\"lazy\" decoding=\"async\" class=\"aligncenter size-full wp-image-734\" src=\"https:\/\/www.altunbasas.com.tr\/wp-content\/uploads\/2022\/06\/seda-yarilgan.jpg\" alt=\"\" width=\"147\" height=\"194\" srcset=\"https:\/\/www.altunbasas.com.tr\/wp-content\/uploads\/2022\/06\/seda-yarilgan.jpg 147w, https:\/\/www.altunbasas.com.tr\/wp-content\/uploads\/2022\/06\/seda-yarilgan-111x146.jpg 111w, https:\/\/www.altunbasas.com.tr\/wp-content\/uploads\/2022\/06\/seda-yarilgan-38x50.jpg 38w, https:\/\/www.altunbasas.com.tr\/wp-content\/uploads\/2022\/06\/seda-yarilgan-57x75.jpg 57w\" sizes=\"auto, (max-width:767px) 147px, 147px\" \/><strong>Seda Yarl\u0131gan<\/strong><br \/>\n0533 616 77 07<\/div><\/div>\n<\/td>\n<\/tr>\n<\/tbody>\n<\/table>\n<p><\/div><\/li><li><input type=\"checkbox\" checked><i class=\"\"><\/i><h4 style=\"color:#c19d47;font-size:;padding:;\">THE CENTRAL ANATOLIA REGION<\/h4><div class=\"accordion-content\" style=\"background-color:;color:#333333;font-size:;\"><\/p>\n<table>\n<tbody>\n<tr>\n<td colspan=\"2\"><b>THE CENTRAL ANATOLIA REGION(ANKARA, KIRIKKALE, YOZGAT,KIR\u015eEH\u0130R, AKSARAY, NEV\u015eEH\u0130R, N\u0130\u011eDE, KARAMAN, KONYA)<\/b><\/td>\n<\/tr>\n<tr>\n<td>MARKET\u0130NG STAFF<\/td>\n<td>SALES PERSONNEL<\/td>\n<\/tr>\n<tr>\n<td><\/td>\n<td>SEDA YARLIGAN <a href=\"#popup-69fafc82070b7\" rel=\"lightbox\" data-lightbox-type=\"inline\" class=\"popup-link\">Bilgi<\/a><div id=\"popup-69fafc82070b7\" class=\"popup-content\"><div class=\"popup-inner\" ><img loading=\"lazy\" decoding=\"async\" class=\"aligncenter size-full wp-image-734\" src=\"https:\/\/www.altunbasas.com.tr\/wp-content\/uploads\/2022\/06\/seda-yarilgan.jpg\" alt=\"\" width=\"147\" height=\"194\" srcset=\"https:\/\/www.altunbasas.com.tr\/wp-content\/uploads\/2022\/06\/seda-yarilgan.jpg 147w, https:\/\/www.altunbasas.com.tr\/wp-content\/uploads\/2022\/06\/seda-yarilgan-111x146.jpg 111w, https:\/\/www.altunbasas.com.tr\/wp-content\/uploads\/2022\/06\/seda-yarilgan-38x50.jpg 38w, https:\/\/www.altunbasas.com.tr\/wp-content\/uploads\/2022\/06\/seda-yarilgan-57x75.jpg 57w\" sizes=\"auto, (max-width:767px) 147px, 147px\" \/><strong>Seda Yarl\u0131gan<\/strong><br \/>\n0533 616 77 07<\/div><\/div>\n<\/td>\n<\/tr>\n<\/tbody>\n<\/table>\n<p><\/div><\/li><li><input type=\"checkbox\" checked><i class=\"\"><\/i><h4 style=\"color:#c19d47;font-size:;padding:;\">THE BLACK SEA REGION<\/h4><div class=\"accordion-content\" style=\"background-color:;color:#333333;font-size:;\"><\/p>\n<table>\n<tbody>\n<tr>\n<td colspan=\"2\"><strong>THE BLACK SEA REGION(AMASYA, ARTV\u0130N, BARTIN, BAYBURT, BOLU, D\u00dcZCE, G\u0130RESUN, G\u00dcM\u00dc\u015eHANE, KARAB\u00dcK, KASTAMONU, ORDU, R\u0130ZE, SAKARYA, SAMSUN, S\u0130NOP, TOKAT, TRABZON, ZONGUNDAK, \u00c7ANKIRI, \u00c7ORUM)<\/strong><\/td>\n<\/tr>\n<tr>\n<td>MARKET\u0130NG STAFF<\/td>\n<td>SALES PERSONNEL<\/td>\n<\/tr>\n<tr>\n<td><\/td>\n<td>SEDA YARLIGAN <a href=\"#popup-69fafc82071e0\" rel=\"lightbox\" data-lightbox-type=\"inline\" class=\"popup-link\">Bilgi<\/a><div id=\"popup-69fafc82071e0\" class=\"popup-content\"><div class=\"popup-inner\" ><img loading=\"lazy\" decoding=\"async\" class=\"aligncenter size-full wp-image-734\" src=\"https:\/\/www.altunbasas.com.tr\/wp-content\/uploads\/2022\/06\/seda-yarilgan.jpg\" alt=\"\" width=\"147\" height=\"194\" srcset=\"https:\/\/www.altunbasas.com.tr\/wp-content\/uploads\/2022\/06\/seda-yarilgan.jpg 147w, https:\/\/www.altunbasas.com.tr\/wp-content\/uploads\/2022\/06\/seda-yarilgan-111x146.jpg 111w, https:\/\/www.altunbasas.com.tr\/wp-content\/uploads\/2022\/06\/seda-yarilgan-38x50.jpg 38w, https:\/\/www.altunbasas.com.tr\/wp-content\/uploads\/2022\/06\/seda-yarilgan-57x75.jpg 57w\" sizes=\"auto, (max-width:767px) 147px, 147px\" \/><strong>Seda Yarl\u0131gan<\/strong><br \/>\n0533 616 77 07<\/div><\/div>\n<\/td>\n<\/tr>\n<\/tbody>\n<\/table>\n<p><\/div><\/li><li><input type=\"checkbox\" checked><i class=\"\"><\/i><h4 style=\"color:#c19d47;font-size:;padding:;\">THE MARMARA ANATOLIA REGION<\/h4><div class=\"accordion-content\" style=\"background-color:;color:#333333;font-size:;\"><\/p>\n<table>\n<tbody>\n<tr>\n<td colspan=\"2\"><strong>\u00a0THE MARMARA ANATOLIA REGION(\u0130STANBUL ANADOLU, BALIKES\u0130R, KOCAEL\u0130, BURSA, \u00c7ANAKKALE, B\u0130LEC\u0130K, YALOVA)<\/strong><\/td>\n<\/tr>\n<tr>\n<td>MARKET\u0130NG STAFF<\/td>\n<td>SALES PERSONNEL<\/td>\n<\/tr>\n<tr>\n<td><\/td>\n<td>SERDAL \u00d6ZGEN <a href=\"#popup-69fafc82072eb\" rel=\"lightbox\" data-lightbox-type=\"inline\" class=\"popup-link\">Bilgi<\/a><div id=\"popup-69fafc82072eb\" class=\"popup-content\"><div class=\"popup-inner\" ><img loading=\"lazy\" decoding=\"async\" class=\"aligncenter size-full wp-image-555\" src=\"https:\/\/www.altunbasas.com.tr\/wp-content\/uploads\/2022\/06\/serdal-ozgen.jpg\" alt=\"\" width=\"127\" height=\"172\" srcset=\"https:\/\/www.altunbasas.com.tr\/wp-content\/uploads\/2022\/06\/serdal-ozgen.jpg 127w, https:\/\/www.altunbasas.com.tr\/wp-content\/uploads\/2022\/06\/serdal-ozgen-108x146.jpg 108w, https:\/\/www.altunbasas.com.tr\/wp-content\/uploads\/2022\/06\/serdal-ozgen-37x50.jpg 37w, https:\/\/www.altunbasas.com.tr\/wp-content\/uploads\/2022\/06\/serdal-ozgen-55x75.jpg 55w\" sizes=\"auto, (max-width:767px) 127px, 127px\" \/><strong>Serdal \u00d6zgen<\/strong><br \/>\n0533 610 52 78<br \/>\ns.ozgen@altunbasas.com.tr<\/div><\/div>\n<\/td>\n<\/tr>\n<\/tbody>\n<\/table>\n<p><\/div><\/li><li><input type=\"checkbox\" checked><i class=\"\"><\/i><h4 style=\"color:#c19d47;font-size:;padding:;\">THE MARMARA EUROPEAN REGION<\/h4><div class=\"accordion-content\" style=\"background-color:;color:#333333;font-size:;\"><\/p>\n<table>\n<tbody>\n<tr>\n<td colspan=\"2\"><strong><strong>THE MARMARA EUROPEAN REGION<\/strong><\/strong><strong>(\u0130STANBUL AVRUPA, TEK\u0130RDA\u011e, ED\u0130RNE, KIRKLAREL\u0130)<\/strong><\/td>\n<\/tr>\n<tr>\n<td>MARKET\u0130NG STAFF<\/td>\n<td>SALES PERSONNEL<\/td>\n<\/tr>\n<tr>\n<td>SERTA\u00c7 SEFERTA\u015e <a href=\"#popup-69fafc8207407\" rel=\"lightbox\" data-lightbox-type=\"inline\" class=\"popup-link\">Bilgi<\/a><div id=\"popup-69fafc8207407\" class=\"popup-content\"><div class=\"popup-inner\" ><img loading=\"lazy\" decoding=\"async\" class=\"aligncenter size-full wp-image-568\" src=\"https:\/\/www.altunbasas.com.tr\/wp-content\/uploads\/2022\/06\/sertac-sefertas.jpg\" alt=\"\" width=\"166\" height=\"178\" srcset=\"https:\/\/www.altunbasas.com.tr\/wp-content\/uploads\/2022\/06\/sertac-sefertas.jpg 166w, https:\/\/www.altunbasas.com.tr\/wp-content\/uploads\/2022\/06\/sertac-sefertas-136x146.jpg 136w, https:\/\/www.altunbasas.com.tr\/wp-content\/uploads\/2022\/06\/sertac-sefertas-47x50.jpg 47w, https:\/\/www.altunbasas.com.tr\/wp-content\/uploads\/2022\/06\/sertac-sefertas-70x75.jpg 70w\" sizes=\"auto, (max-width:767px) 166px, 166px\" \/><strong>Serta\u00e7 Seferta\u015f<\/strong><br \/>\n0538 888 95 30<br \/>\nsertac.sefertas@altunbasas.com.tr<\/div><\/div>\n<\/td>\n<td>YUNUS EMRE AKIN <a href=\"#popup-69fafc820745f\" rel=\"lightbox\" data-lightbox-type=\"inline\" class=\"popup-link\">Bilgi<\/a><div id=\"popup-69fafc820745f\" class=\"popup-content\"><div class=\"popup-inner\" ><img loading=\"lazy\" decoding=\"async\" class=\"aligncenter size-full wp-image-557\" src=\"https:\/\/www.altunbasas.com.tr\/wp-content\/uploads\/2022\/06\/yunus-emre-akin.jpg\" alt=\"\" width=\"149\" height=\"151\" srcset=\"https:\/\/www.altunbasas.com.tr\/wp-content\/uploads\/2022\/06\/yunus-emre-akin.jpg 149w, https:\/\/www.altunbasas.com.tr\/wp-content\/uploads\/2022\/06\/yunus-emre-akin-144x146.jpg 144w, https:\/\/www.altunbasas.com.tr\/wp-content\/uploads\/2022\/06\/yunus-emre-akin-50x50.jpg 50w, https:\/\/www.altunbasas.com.tr\/wp-content\/uploads\/2022\/06\/yunus-emre-akin-74x75.jpg 74w, https:\/\/www.altunbasas.com.tr\/wp-content\/uploads\/2022\/06\/yunus-emre-akin-85x85.jpg 85w, https:\/\/www.altunbasas.com.tr\/wp-content\/uploads\/2022\/06\/yunus-emre-akin-80x80.jpg 80w\" sizes=\"auto, (max-width:767px) 149px, 149px\" \/><strong>Yunus Emre Ak\u0131n<\/strong><br \/>\n0549 578 41 81<\/div><\/div>\n<\/td>\n<\/tr>\n<\/tbody>\n<\/table>\n<p><\/div><\/li><\/ul><\/div>[\/vc_column][\/vc_row]<\/p>\n<\/div>","protected":false},"excerpt":{"rendered":"<p>[vc_row][vc_column][vc_single_image image=&#8221;743&#8243; img_size=&#8221;full&#8221; alignment=&#8221;center&#8221; css=&#8221;.vc_custom_1656334491977{margin-bottom: 0px !important;}&#8221;][\/vc_column][\/vc_row][vc_row][vc_column][\/vc_column][\/vc_row]<\/p>\n","protected":false},"author":1,"featured_media":-1,"parent":0,"menu_order":0,"comment_status":"closed","ping_status":"closed","template":"","meta":{"rs_blank_template":"","rs_page_bg_color":"","slide_template_v7":"","footnotes":""},"class_list":["post-818","page","type-page","status-publish","has-post-thumbnail","hentry"],"_links":{"self":[{"href":"https:\/\/www.altunbasas.com.tr\/en\/wp-json\/wp\/v2\/pages\/818","targetHints":{"allow":["GET"]}}],"collection":[{"href":"https:\/\/www.altunbasas.com.tr\/en\/wp-json\/wp\/v2\/pages"}],"about":[{"href":"https:\/\/www.altunbasas.com.tr\/en\/wp-json\/wp\/v2\/types\/page"}],"author":[{"embeddable":true,"href":"https:\/\/www.altunbasas.com.tr\/en\/wp-json\/wp\/v2\/users\/1"}],"replies":[{"embeddable":true,"href":"https:\/\/www.altunbasas.com.tr\/en\/wp-json\/wp\/v2\/comments?post=818"}],"version-history":[{"count":2,"href":"https:\/\/www.altunbasas.com.tr\/en\/wp-json\/wp\/v2\/pages\/818\/revisions"}],"predecessor-version":[{"id":2189,"href":"https:\/\/www.altunbasas.com.tr\/en\/wp-json\/wp\/v2\/pages\/818\/revisions\/2189"}],"wp:featuredmedia":[{"embeddable":true,"href":"https:\/\/www.altunbasas.com.tr\/en\/wp-json\/"}],"wp:attachment":[{"href":"https:\/\/www.altunbasas.com.tr\/en\/wp-json\/wp\/v2\/media?parent=818"}],"curies":[{"name":"wp","href":"https:\/\/api.w.org\/{rel}","templated":true}]}}