{"id":801,"date":"2022-05-31T17:06:10","date_gmt":"2022-05-31T14:06:10","guid":{"rendered":"https:\/\/www.altunbasas.com.tr\/yonetim\/"},"modified":"2026-04-30T12:00:49","modified_gmt":"2026-04-30T09:00:49","slug":"administration","status":"publish","type":"page","link":"https:\/\/www.altunbasas.com.tr\/en\/administration\/","title":{"rendered":"Management &#038; Ownership Structure"},"content":{"rendered":"<div class=\"wpb-content-wrapper\"><p>[vc_row][vc_column]<div class=\"cq-gridpopup cq-circular- cq-gridpopup-320 cq-gridpopup-avatar-200 cq-gridpopup-in2  \" id=\"cq-gridpopup-1\" data-itemsize=\"320\" data-itemheight=\"\" data-nocircular=\"\"><a href=\"#cq-gridpopup-content-1-1\" class=\"cq-gridpopup-item cq-gridpopup-initstate customized\" data-bgstyle=\"customized\" data-backgroundcolor=\"#dcdddd\" data-backgroundhovercolor=\"\" data-avatartype=\"image\" data-avatar=\"https:\/\/www.altunbasas.com.tr\/wp-content\/uploads\/2022\/06\/m-saim-altunbas-k.jpg\" data-iconcolor=\"\" data-iconsize=\"\" data-lity title=\"\"><div class=\"cq-gridpopup-face cq-gridpopup-toggle\" style=\"background-color: #dcdddd;\"><div class=\"cq-gridpopup-facecontent\"><div class=\"cq-gridpopup-avatar\" style=\"background-image:url(https:\/\/www.altunbasas.com.tr\/wp-content\/uploads\/2022\/06\/m-saim-altunbas-k.jpg)\"><\/div><span class=\"cq-gridpopup-title\" style=\"font-size:;color:#000000;\">M. Saim ALTUNBA\u015e<\/span> <span class=\"cq-gridpopup-subtitle\" style=\"font-size:;color:#000000;\">Chairman of the Board \/ Founder<\/span> <\/div><\/div><div class=\"cq-gridpopup-content cq-gridpopup-image-50 lity-hide\" id=\"cq-gridpopup-content-1-1\" style=\"background-color:#dcdddd;\"><div class=\"cq-gridpopup-imagecontainer\"><img decoding=\"async\" src=\"https:\/\/www.altunbasas.com.tr\/wp-content\/uploads\/2022\/06\/m-saim-altunbas.jpg\" class=\"cq-gridpopup-image\" alt=\"\" \/><\/div><div class=\"cq-gridpopup-text cq-gridpopup-halfwidth\" style=\"color:#000000;\"><p><strong>M. Saim ALTUNBA\u015e<\/strong><br \/>\n<strong>Chairman of the Board \/ Founder<\/strong><\/p>\n<\/div><\/div><\/a><a href=\"#cq-gridpopup-content-1-2\" class=\"cq-gridpopup-item cq-gridpopup-initstate customized\" data-bgstyle=\"customized\" data-backgroundcolor=\"#dcdddd\" data-backgroundhovercolor=\"\" data-avatartype=\"image\" data-avatar=\"https:\/\/www.altunbasas.com.tr\/wp-content\/uploads\/2022\/07\/nuran-altunbas-removebg-preview-267x300-1.png\" data-iconcolor=\"\" data-iconsize=\"\" data-lity title=\"\"><div class=\"cq-gridpopup-face cq-gridpopup-toggle\" style=\"background-color: #dcdddd;\"><div class=\"cq-gridpopup-facecontent\"><div class=\"cq-gridpopup-avatar\" style=\"background-image:url(https:\/\/www.altunbasas.com.tr\/wp-content\/uploads\/2022\/07\/nuran-altunbas-removebg-preview-267x300-1.png)\"><\/div><span class=\"cq-gridpopup-title\" style=\"font-size:;color:#000000;\">Nuran ALTUNBA\u015e<\/span> <span class=\"cq-gridpopup-subtitle\" style=\"font-size:;color:#000000;\">Founder \/ Board Member<\/span> <\/div><\/div><div class=\"cq-gridpopup-content cq-gridpopup-image-50 lity-hide\" id=\"cq-gridpopup-content-1-2\" style=\"background-color:#dcdddd;\"><div class=\"cq-gridpopup-imagecontainer\"><img decoding=\"async\" src=\"https:\/\/www.altunbasas.com.tr\/wp-content\/uploads\/2022\/07\/nuran-altunbas-removebg-preview-267x300-1.png\" class=\"cq-gridpopup-image\" alt=\"\" \/><\/div><div class=\"cq-gridpopup-text cq-gridpopup-halfwidth\" style=\"color:#000000;\"><p><strong>Nuran ALTUNBA\u015e<\/strong><\/p>\n<p><strong>Founder \/ Borad Member<\/strong><\/p>\n<\/div><\/div><\/a><a href=\"#cq-gridpopup-content-1-3\" class=\"cq-gridpopup-item cq-gridpopup-initstate customized\" data-bgstyle=\"customized\" data-backgroundcolor=\"#dcdddd\" data-backgroundhovercolor=\"\" data-avatartype=\"image\" data-avatar=\"https:\/\/www.altunbasas.com.tr\/wp-content\/uploads\/2022\/06\/fatih-altunbas-k.jpg\" data-iconcolor=\"\" data-iconsize=\"\" data-lity title=\"\"><div class=\"cq-gridpopup-face cq-gridpopup-toggle\" style=\"background-color: #dcdddd;\"><div class=\"cq-gridpopup-facecontent\"><div class=\"cq-gridpopup-avatar\" style=\"background-image:url(https:\/\/www.altunbasas.com.tr\/wp-content\/uploads\/2022\/06\/fatih-altunbas-k.jpg)\"><\/div><span class=\"cq-gridpopup-title\" style=\"font-size:;color:#000000;\">Fatih ALTUNBA\u015e<\/span> <span class=\"cq-gridpopup-subtitle\" style=\"font-size:;color:#000000;\">Chairman of the Board<\/span> <\/div><\/div><div class=\"cq-gridpopup-content cq-gridpopup-image-50 lity-hide\" id=\"cq-gridpopup-content-1-3\" style=\"background-color:#dcdddd;\"><div class=\"cq-gridpopup-imagecontainer\"><img decoding=\"async\" src=\"https:\/\/www.altunbasas.com.tr\/wp-content\/uploads\/2022\/06\/fatih-altunbas.jpg\" class=\"cq-gridpopup-image\" alt=\"\" \/><\/div><div class=\"cq-gridpopup-text cq-gridpopup-halfwidth\" style=\"color:#000000;\"><p><strong>Fatih ALTUNBA\u015e<\/strong><br \/>\n<strong>Chairman Of The Board<\/strong><\/p>\n<p>Mr. Altunbas was born in Ankara in 1979. He completed his primary education in Kocatepe Primary School, his secondary education in Konya Private Lale College, and his high school education in Private Ankara Aziziye High School.<\/p>\n<p>In 2004, he graduated from Ba\u015fkent University Faculty of Science and Letters, Department of Turkish Language and Literature. In the same year, he started his business life in TURAC DIC TIC STI. In 2006, he completed his master&#8217;s degree on Turkish Language and Literature at Ba\u015fkent University, Faculty of Arts and Sciences.<\/p>\n<p>In addition to his duty as the General Manager in Turac Dis Ticaret, he is also a Member of Board in Oku E\u011fitim \u00d6\u011fretim A.S.,<a href=\"https:\/\/tureng.com\/tr\/turkce-ingilizce\/chairman%20of%20the%20executive%20board\">Chairman of the Executive Board<\/a>\u00a0in Altunbas D\u0131s Ticaret ve Sanayi A.S. and TSA Savunma A.S.<\/p>\n<p>He became a member of Independent Industrialists and Businessmen Association in 2013(M\u00dcS\u0130AD) and he was elected as a member of the MUSIAD Board of Directors and also the Chairman of the Defense Industry and Aviation Sector Board in 2017.<\/p>\n<p>Since 2018, he has been a member of Ankara Chamber of Industry -Defense Industry Specialization Committee Executive Board (ASO).<\/p>\n<p>Since 2019, he has been the President of Sterling Shooting Sports Club (SASK).<\/p>\n<p>At the 2nd MRBS (Military Radar and Border Security Summit) which organized by MUSIAD in October 2019, he carried out the duty of Organization Committee President.<\/p>\n<p>In November 2019 , he was elected as a member of the Board of Directors and General Secretary of the Arms Manufacturers and Explosives Businessmen Association (SISIAD).<\/p>\n<p>He was elected as Chairman of Mali Business Council of the Foreign Economic Relations Board (DEIK) in January 2020.\u00a0\u00a0 He is also a member of the Executive Board in Indonesia and Mozambique.<\/p>\n<p>In January 2020, he was elected as the Vice President of Foreign Economic Relations Board Turkey-Africa Business Councils (DEIK).<\/p>\n<p>He is married and has a good command of English. He has 3 childrens.<\/p>\n<\/div><\/div><\/a><a href=\"#cq-gridpopup-content-1-4\" class=\"cq-gridpopup-item cq-gridpopup-initstate customized\" data-bgstyle=\"customized\" data-backgroundcolor=\"#dcdddd\" data-backgroundhovercolor=\"\" data-avatartype=\"image\" data-avatar=\"https:\/\/www.altunbasas.com.tr\/wp-content\/uploads\/2022\/06\/ahmet-aksahin-k.jpg\" data-iconcolor=\"\" data-iconsize=\"\" data-lity title=\"\"><div class=\"cq-gridpopup-face cq-gridpopup-toggle\" style=\"background-color: #dcdddd;\"><div class=\"cq-gridpopup-facecontent\"><div class=\"cq-gridpopup-avatar\" style=\"background-image:url(https:\/\/www.altunbasas.com.tr\/wp-content\/uploads\/2022\/06\/ahmet-aksahin-k.jpg)\"><\/div><span class=\"cq-gridpopup-title\" style=\"font-size:;color:#000000;\">Ahmet AK\u015eAH\u0130N<\/span> <span class=\"cq-gridpopup-subtitle\" style=\"font-size:;color:#000000;\">Vice Chairman of the Board<\/span> <\/div><\/div><div class=\"cq-gridpopup-content cq-gridpopup-image-50 lity-hide\" id=\"cq-gridpopup-content-1-4\" style=\"background-color:#dcdddd;\"><div class=\"cq-gridpopup-imagecontainer\"><img decoding=\"async\" src=\"https:\/\/www.altunbasas.com.tr\/wp-content\/uploads\/2022\/06\/ahmet-aksahin.jpg\" class=\"cq-gridpopup-image\" alt=\"\" \/><\/div><div class=\"cq-gridpopup-text cq-gridpopup-halfwidth\" style=\"color:#000000;\"><p><strong>Ahmet AK\u015eAH\u0130N<\/strong><br \/>\n<strong>Vice Chairman of the Board<\/strong><\/p>\n<p>Mr. Ak\u015fahin\u00a0 was born in Ankara in 1981. He completed his primary education at Hazar Primary School, secondary education at Ye\u015filevler Secondary School, and high school education at Private Ankara Aziziye High School. In 2004, he graduated from Hacettepe University, Faculty of Economics and Administrative Sciences, Department of Business Administration (English).<\/p>\n<p>He started his business life at Turac D\u0131s Ticaret LTD \u015eTI and continues to work as the Vice General Manager. He obtained Certified Public Accountant License in 2015.<\/p>\n<p>He is married and has two children.\u00a0 He can speak English fluently.<\/p>\n<\/div><\/div><\/a><a href=\"#cq-gridpopup-content-1-5\" class=\"cq-gridpopup-item cq-gridpopup-initstate customized\" data-bgstyle=\"customized\" data-backgroundcolor=\"#dcdddd\" data-backgroundhovercolor=\"\" data-avatartype=\"image\" data-avatar=\"https:\/\/www.altunbasas.com.tr\/wp-content\/uploads\/2022\/06\/tolga-yilmaz-k.jpg\" data-iconcolor=\"\" data-iconsize=\"\" data-lity title=\"\"><div class=\"cq-gridpopup-face cq-gridpopup-toggle\" style=\"background-color: #dcdddd;\"><div class=\"cq-gridpopup-facecontent\"><div class=\"cq-gridpopup-avatar\" style=\"background-image:url(https:\/\/www.altunbasas.com.tr\/wp-content\/uploads\/2022\/06\/tolga-yilmaz-k.jpg)\"><\/div><span class=\"cq-gridpopup-title\" style=\"font-size:;color:#000000;\">Tolga YILMAZ<\/span> <span class=\"cq-gridpopup-subtitle\" style=\"font-size:;color:#000000;\">Board Member<\/span> <\/div><\/div><div class=\"cq-gridpopup-content cq-gridpopup-image-50 lity-hide\" id=\"cq-gridpopup-content-1-5\" style=\"background-color:#dcdddd;\"><div class=\"cq-gridpopup-imagecontainer\"><img decoding=\"async\" src=\"https:\/\/www.altunbasas.com.tr\/wp-content\/uploads\/2022\/06\/tolga-yilmaz-k.jpg\" class=\"cq-gridpopup-image\" alt=\"\" \/><\/div><div class=\"cq-gridpopup-text cq-gridpopup-halfwidth\" style=\"color:#000000;\"><p><strong>Tolga YILMAZ<br \/>\nBorad Member<br \/>\n<\/strong><\/p>\n<\/div><\/div><\/a><\/div>[\/vc_column][\/vc_row]<\/p>\n<\/div>","protected":false},"excerpt":{"rendered":"<p>[vc_row][vc_column][\/vc_column][\/vc_row]<\/p>\n","protected":false},"author":1,"featured_media":0,"parent":0,"menu_order":0,"comment_status":"closed","ping_status":"closed","template":"","meta":{"rs_blank_template":"","rs_page_bg_color":"","slide_template_v7":"","footnotes":""},"class_list":["post-801","page","type-page","status-publish","hentry"],"_links":{"self":[{"href":"https:\/\/www.altunbasas.com.tr\/en\/wp-json\/wp\/v2\/pages\/801","targetHints":{"allow":["GET"]}}],"collection":[{"href":"https:\/\/www.altunbasas.com.tr\/en\/wp-json\/wp\/v2\/pages"}],"about":[{"href":"https:\/\/www.altunbasas.com.tr\/en\/wp-json\/wp\/v2\/types\/page"}],"author":[{"embeddable":true,"href":"https:\/\/www.altunbasas.com.tr\/en\/wp-json\/wp\/v2\/users\/1"}],"replies":[{"embeddable":true,"href":"https:\/\/www.altunbasas.com.tr\/en\/wp-json\/wp\/v2\/comments?post=801"}],"version-history":[{"count":1,"href":"https:\/\/www.altunbasas.com.tr\/en\/wp-json\/wp\/v2\/pages\/801\/revisions"}],"predecessor-version":[{"id":2068,"href":"https:\/\/www.altunbasas.com.tr\/en\/wp-json\/wp\/v2\/pages\/801\/revisions\/2068"}],"wp:attachment":[{"href":"https:\/\/www.altunbasas.com.tr\/en\/wp-json\/wp\/v2\/media?parent=801"}],"curies":[{"name":"wp","href":"https:\/\/api.w.org\/{rel}","templated":true}]}}